{"id":25,"date":"2022-07-27T09:28:56","date_gmt":"2022-07-27T09:28:56","guid":{"rendered":"http:\/\/foodtourbled.com\/?page_id=25"},"modified":"2024-03-06T14:01:20","modified_gmt":"2024-03-06T14:01:20","slug":"geschenkgutschein","status":"publish","type":"page","link":"https:\/\/foodtourbled.com\/de\/geschenkgutschein\/","title":{"rendered":"Geschenkgutschein"},"content":{"rendered":"<p>\u00dcberraschen Sie jemanden, der gerne gutes Essen genie\u00dft, mit einem Geschenk f\u00fcr unsere Food Tour Bled.<\/p>\n\n\n\n<p>Der Gutschein ist 6 Monate lang g\u00fcltig und der Empf\u00e4nger kann ihn zu einem beliebigen Zeitpunkt einl\u00f6sen.<\/p>\n\n\n\n<p><strong>Preis: 75\u20ac pro Person<\/strong><\/p>\n\n\n\n<p><strong>F\u00fcllen Sie das Formular aus oder rufen Sie uns an unter 00 386&nbsp;<\/strong><strong>51 606 557. Sie k\u00f6nnen Ihren Gutschein sofort nach Ihrem Einkauf erhalten.<\/strong><\/p>\n\n\n\n<p>Wir k\u00f6nnen Ihnen einen Geschenkgutschein per Post oder per E-Mail schicken, damit Sie ihn selbst ausdrucken k\u00f6nnen, oder Sie k\u00f6nnen ihn pers\u00f6nlich in unserem B\u00fcro im Stadtzentrum von Ljubljana abholen.<\/p>","protected":false},"excerpt":{"rendered":"<p>\u00dcberraschen Sie jemanden, der gerne gutes Essen genie\u00dft, mit dem Geschenk, unsere Food Tour Bled zu erleben. Der Gutschein ist 6 Monate lang g\u00fcltig und der Beschenkte kann ihn zu einem beliebigen Datum einl\u00f6sen. Preis: 75\u20ac pro Person F\u00fcllen Sie das Formular aus oder rufen Sie uns an unter 00 386 51 606 557. Sie k\u00f6nnen Ihren Gutschein erhalten ... <a href=\"https:\/\/foodtourbled.com\/de\/geschenkgutschein\/\">Fortsetzung<\/a><\/p>","protected":false},"author":45,"featured_media":0,"parent":0,"menu_order":0,"comment_status":"closed","ping_status":"closed","template":"","meta":{"_acf_changed":false,"footnotes":""},"acf":{"page_subheading":"Great food at a great location \u2014 Those who appreciate these two things will surely love the gift of a Food Tour in Bled."},"_links":{"self":[{"href":"https:\/\/foodtourbled.com\/de\/wp-json\/wp\/v2\/pages\/25"}],"collection":[{"href":"https:\/\/foodtourbled.com\/de\/wp-json\/wp\/v2\/pages"}],"about":[{"href":"https:\/\/foodtourbled.com\/de\/wp-json\/wp\/v2\/types\/page"}],"author":[{"embeddable":true,"href":"https:\/\/foodtourbled.com\/de\/wp-json\/wp\/v2\/users\/45"}],"replies":[{"embeddable":true,"href":"https:\/\/foodtourbled.com\/de\/wp-json\/wp\/v2\/comments?post=25"}],"version-history":[{"count":10,"href":"https:\/\/foodtourbled.com\/de\/wp-json\/wp\/v2\/pages\/25\/revisions"}],"predecessor-version":[{"id":455,"href":"https:\/\/foodtourbled.com\/de\/wp-json\/wp\/v2\/pages\/25\/revisions\/455"}],"wp:attachment":[{"href":"https:\/\/foodtourbled.com\/de\/wp-json\/wp\/v2\/media?parent=25"}],"curies":[{"name":"wp","href":"https:\/\/api.w.org\/{rel}","templated":true}]}}