{"id":25,"date":"2022-07-27T09:28:56","date_gmt":"2022-07-27T09:28:56","guid":{"rendered":"http:\/\/foodtourbled.com\/?page_id=25"},"modified":"2024-03-06T14:01:20","modified_gmt":"2024-03-06T14:01:20","slug":"cheque-cadeau","status":"publish","type":"page","link":"https:\/\/foodtourbled.com\/fr\/cheque-cadeau\/","title":{"rendered":"Ch\u00e8que-cadeau"},"content":{"rendered":"<p>Surprenez quelqu'un qui aime d\u00e9guster de la bonne nourriture en lui offrant l'exp\u00e9rience de notre Food Tour Bled.<\/p>\n\n\n\n<p>Le bon est valable 6 mois et le b\u00e9n\u00e9ficiaire peut d\u00e9cider de l'utiliser \u00e0 n'importe quelle date disponible.<\/p>\n\n\n\n<p><strong>Prix : 75\u20ac par personne<\/strong><\/p>\n\n\n\n<p><strong>Remplissez le formulaire ou appelez-nous au 00 386&nbsp;<\/strong><strong>51 606 557. Vous pouvez recevoir votre bon d'achat imm\u00e9diatement apr\u00e8s votre achat.<\/strong><\/p>\n\n\n\n<p>Nous pouvons vous envoyer un ch\u00e8que-cadeau par courrier, sur votre e-mail pour que vous puissiez l'imprimer vous-m\u00eame ou vous pouvez le retirer personnellement \u00e0 notre bureau dans le centre ville de Ljubljana.<\/p>","protected":false},"excerpt":{"rendered":"<p>Surprenez quelqu'un qui aime d\u00e9guster de bons plats en lui offrant l'exp\u00e9rience de notre Food Tour Bled. Le bon est valable 6 mois et le b\u00e9n\u00e9ficiaire peut d\u00e9cider de l'utiliser \u00e0 n'importe quelle date disponible. Prix : 75\u20ac par personne Remplissez le formulaire ou appelez-nous au 00 386 51 606 557. Vous pouvez recevoir votre bon ... <a href=\"https:\/\/foodtourbled.com\/fr\/cheque-cadeau\/\">Suite<\/a><\/p>","protected":false},"author":45,"featured_media":0,"parent":0,"menu_order":0,"comment_status":"closed","ping_status":"closed","template":"","meta":{"_acf_changed":false,"footnotes":""},"acf":{"page_subheading":"Great food at a great location \u2014 Those who appreciate these two things will surely love the gift of a Food Tour in Bled."},"_links":{"self":[{"href":"https:\/\/foodtourbled.com\/fr\/wp-json\/wp\/v2\/pages\/25"}],"collection":[{"href":"https:\/\/foodtourbled.com\/fr\/wp-json\/wp\/v2\/pages"}],"about":[{"href":"https:\/\/foodtourbled.com\/fr\/wp-json\/wp\/v2\/types\/page"}],"author":[{"embeddable":true,"href":"https:\/\/foodtourbled.com\/fr\/wp-json\/wp\/v2\/users\/45"}],"replies":[{"embeddable":true,"href":"https:\/\/foodtourbled.com\/fr\/wp-json\/wp\/v2\/comments?post=25"}],"version-history":[{"count":10,"href":"https:\/\/foodtourbled.com\/fr\/wp-json\/wp\/v2\/pages\/25\/revisions"}],"predecessor-version":[{"id":455,"href":"https:\/\/foodtourbled.com\/fr\/wp-json\/wp\/v2\/pages\/25\/revisions\/455"}],"wp:attachment":[{"href":"https:\/\/foodtourbled.com\/fr\/wp-json\/wp\/v2\/media?parent=25"}],"curies":[{"name":"wp","href":"https:\/\/api.w.org\/{rel}","templated":true}]}}