{"id":61,"date":"2022-08-01T14:37:49","date_gmt":"2022-08-01T14:37:49","guid":{"rendered":"http:\/\/foodtourbled.com\/?page_id=61"},"modified":"2024-01-12T07:54:42","modified_gmt":"2024-01-12T07:54:42","slug":"conditions-de-service","status":"publish","type":"page","link":"https:\/\/foodtourbled.com\/fr\/conditions-de-service\/","title":{"rendered":"Conditions d'utilisation"},"content":{"rendered":"<p>CONDITIONS DE SERVICE<\/p>\n\n\n\n<p>Les conditions g\u00e9n\u00e9rales constituent la partie fondamentale de cet accord de r\u00e9servation, conclu entre World Discovery d.o.o. (ci-apr\u00e8s d\u00e9nomm\u00e9 \"l'entreprise\") et les clients. Une fois que le client effectue la r\u00e9servation, il est pr\u00e9sum\u00e9 qu'il accepte ces conditions g\u00e9n\u00e9rales. La r\u00e9servation effectu\u00e9e par le client est obligatoire et, par cons\u00e9quent, il est possible pour le client d'annuler sa r\u00e9servation exclusivement conform\u00e9ment aux pr\u00e9sentes conditions g\u00e9n\u00e9rales. Le client est responsable de tous les co\u00fbts et cons\u00e9quences pouvant r\u00e9sulter des informations incorrectes qu'il a fournies lors de la r\u00e9servation.<\/p>\n\n\n\n<p>Le client accepte les pr\u00e9sentes conditions g\u00e9n\u00e9rales en commandant des services aupr\u00e8s de la soci\u00e9t\u00e9, que ce soit sur le site web, par courrier \u00e9lectronique, par t\u00e9l\u00e9phone, en effectuant un paiement sans commande pr\u00e9alable ou par tout autre moyen.<\/p>\n\n\n\n<p>La soci\u00e9t\u00e9 a \u00e9t\u00e9 fond\u00e9e dans le but d'assurer des services conviviaux et de fournir des exp\u00e9riences de haute qualit\u00e9 \u00e0 l'utilisateur.<\/p>\n\n\n\n<p>La marque de la soci\u00e9t\u00e9 et le site web ainsi que tous ses composants (code de programmation, design, photographies, textes, etc.) et toutes les sous-pages sont la propri\u00e9t\u00e9 intellectuelle des cr\u00e9ateurs de la marque et sont donc prot\u00e9g\u00e9s par des droits d'auteur. Toute copie, utilisation ou abus de la marque et\/ou du site web et de ses composants est sujette \u00e0 litige selon la loi locale.<\/p>\n\n\n\n<p>Nous nous engageons \u00e0 faire de notre mieux pour fournir des informations actuelles et pr\u00e9cises sur le site Web de la soci\u00e9t\u00e9. Toutefois, nous ne pouvons \u00eatre tenus pour responsables des erreurs, omissions ou r\u00e9sultats qui pourraient \u00eatre obtenus par une mauvaise utilisation ou une mauvaise compr\u00e9hension de ces informations. Nous nous r\u00e9servons le droit de corriger les erreurs d\u00e8s qu'elles sont port\u00e9es \u00e0 notre connaissance et, plus g\u00e9n\u00e9ralement, de modifier, \u00e0 tout moment, sans pr\u00e9avis, tout ou partie du site et des pr\u00e9sentes Conditions G\u00e9n\u00e9rales sans que notre responsabilit\u00e9 puisse \u00eatre engag\u00e9e de ce fait.<\/p>\n\n\n\n<p>Les termes que nous utilisons et leurs explications :<\/p>\n\n\n\n<p>100% Remboursement Garanti - Si nous ne pouvons pas fournir le service comme promis et le client n'est pas satisfait, il doit communiquer la plainte directement \u00e0 notre stuff d\u00e8s que possible. Si nous sommes d'accord sur le probl\u00e8me, le client peut r\u00e9cup\u00e9rer tout l'argent qu'il a pay\u00e9 pour cette activit\u00e9 sp\u00e9cifique.<\/p>\n\n\n\n<p>Le site peut contenir des liens vers d'autres sites que nous n'utilisons pas. Nous ne pouvons en aucun cas \u00eatre tenus pour responsables de la mise \u00e0 disposition de ces liens permettant d'acc\u00e9der \u00e0 ces sites et sources externes, et ne pouvons supporter aucune responsabilit\u00e9 quant au contenu, publicit\u00e9s, produits, services ou autres \u00e9l\u00e9ments disponibles sur ou \u00e0 partir de ces sites ou sources externes qui ne sont ni approuv\u00e9s ni v\u00e9rifi\u00e9s par notre \u00e9quipe.<\/p>\n\n\n\n<p>Toutes les photos sont symboliques.<\/p>\n\n\n\n<p>Toutes les informations soumises par le client \u00e0 tout moment seront gard\u00e9es priv\u00e9es et confidentielles, sauf s'il y a une bonne raison pour cela.<\/p>\n\n\n\n<p>La soci\u00e9t\u00e9 se r\u00e9serve le droit d'annuler, de changer ou de modifier toute installation sans pr\u00e9avis, y compris de changer ou de modifier les lieux, les itin\u00e9raires et les prix. Dans l'\u00e9ventualit\u00e9 d'un changement, la soci\u00e9t\u00e9 s'efforcera de proposer des arrangements alternatifs de valeur mon\u00e9taire comparable sans compensation et n'accepte aucune responsabilit\u00e9 pour la perte de jouissance r\u00e9sultant de ces changements. Tout ceci est fait pour la meilleure exp\u00e9rience possible de nos clients.<\/p>\n\n\n\n<p>Dans certains cas, la soci\u00e9t\u00e9 est un interm\u00e9diaire entre le client et l'ex\u00e9cutant final du service. Bien que notre \u00e9quipe s'efforce de trouver et de fournir uniquement les meilleurs services pour vous, nous ne pouvons \u00eatre tenus responsables des erreurs, des contretemps ou des n\u00e9gligences commis par des tiers.<\/p>\n\n\n\n<p>Si le client est en retard \u00e0 une activit\u00e9, il pourrait \u00eatre oblig\u00e9 de payer un suppl\u00e9ment pour les frais occasionn\u00e9s par son arriv\u00e9e tardive. Il est de votre responsabilit\u00e9 d'informer les membres de votre groupe de l'itin\u00e9raire et de vous assurer que tout le monde arrive \u00e0 l'heure. Nous essaierons toujours de vous proposer l'activit\u00e9 plus tard que pr\u00e9vu, mais si nous ne pouvons pas le faire, vous ne pourrez pas pr\u00e9tendre \u00e0 un remboursement. Si vous savez que vous serez en retard, veuillez nous en informer d\u00e8s que possible.<\/p>\n\n\n\n<p>En cas de probl\u00e8me avec l'un des services fournis par notre fournisseur\/partenaire, nous vous aiderons \u00e0 le r\u00e9soudre, mais si cela n'est pas possible, vous devrez le r\u00e9soudre directement avec lui.<\/p>\n\n\n\n<p>Si, pour une raison quelconque, vous souhaitez terminer une activit\u00e9 plus t\u00f4t que pr\u00e9vu, vous n'avez droit \u00e0 aucun remboursement ni \u00e0 aucune r\u00e9duction.<\/p>\n\n\n\n<p>La soci\u00e9t\u00e9 se r\u00e9serve le droit absolu de refuser une r\u00e9servation \u00e0 sa discr\u00e9tion, pour quelque raison que ce soit et \u00e0 tout moment. Les clients acceptent l'autorit\u00e9 et les d\u00e9cisions de nos employ\u00e9s, guides et affili\u00e9s.<\/p>\n\n\n\n<p>La soci\u00e9t\u00e9 se r\u00e9serve le droit d'annuler une visite ou une d\u00e9gustation en toutes circonstances, mais s'efforcera d'\u00e9viter cette situation, sauf en cas de n\u00e9cessit\u00e9 absolue.<\/p>\n\n\n\n<p>Tous les clients sont responsables de leur propre s\u00e9curit\u00e9 et de leur bien-\u00eatre. Nous n'encourageons aucun de nos clients \u00e0 s'engager dans une activit\u00e9 dangereuse ou \u00e0 boire excessivement. La soci\u00e9t\u00e9 ne peut accepter aucune responsabilit\u00e9 si le client boit trop ou s'engage dans des activit\u00e9s dangereuses et subit une blessure, une maladie, un d\u00e9c\u00e8s, une perte ou un dommage en cons\u00e9quence.<\/p>\n\n\n\n<p>Certains programmes incluent la consommation d'alcool et ne conviennent qu'aux participants \u00e2g\u00e9s de 18 ans ou plus. Sauf indication contraire, la participation n'est possible que pour les participants \u00e2g\u00e9s de plus de 18 ans. Une preuve d'\u00e2ge doit \u00eatre fournie au moment de la participation. Comme preuve d'\u00e2ge, nous n'acceptons que les pi\u00e8ces d'identit\u00e9 officielles telles que le passeport, le permis de conduire et autres cartes de preuve d'\u00e2ge (18 ans et plus). Les pi\u00e8ces d'identit\u00e9 inacceptables sont les photocopies, les cartes d'\u00e9tudiant et autres pi\u00e8ces d'identit\u00e9 non d\u00e9livr\u00e9es par le gouvernement. Tous les clients doivent s'assurer qu'ils sont en forme et capables de suivre l'itin\u00e9raire du circuit et qu'ils sont en bonne condition physique et mentale.<\/p>\n\n\n\n<p>En faisant une r\u00e9servation, chaque client accepte que la soci\u00e9t\u00e9 ait le droit de publier toutes les photos et vid\u00e9os qui ont \u00e9t\u00e9 faites pendant le programme (les photos et vid\u00e9os pourraient inclure chaque client) dans des intentions promotionnelles et commerciales.<\/p>\n\n\n\n<p>En raison de certaines circonstances impr\u00e9vues, le client peut annuler sa participation \u00e0 l'activit\u00e9 convenue. Si l'entreprise accepte, le client a la possibilit\u00e9 de la reprogrammer \u00e0 toute date disponible dans les 3 mois suivants.<\/p>\n\n\n\n<p>Nous voulons que vous quittiez notre ville heureux et plein de nouvelles aventures passionnantes. Notre \u00e9quipe est d\u00e9vou\u00e9e \u00e0 l'organisation de grandes exp\u00e9riences. Malgr\u00e9 tous nos efforts, nous vous invitons \u00e0 nous faire part de vos commentaires sous quelque forme que ce soit. Si le client a une plainte, il doit la porter \u00e0 l'attention du guide touristique imm\u00e9diatement. Ainsi, notre \u00e9quipe aura la possibilit\u00e9 de rectifier la situation apr\u00e8s \u00e9valuation de la plainte. Les modifications \u00e9ventuelles de l'excursion dans l'int\u00e9r\u00eat de la satisfaction du client ne peuvent \u00eatre apport\u00e9es que si la plainte est pr\u00e9sent\u00e9e pendant l'excursion. Les plaintes d\u00e9pos\u00e9es ult\u00e9rieurement ne seront pas prises en consid\u00e9ration. Si la plainte est pr\u00e9sent\u00e9e pendant le voyage et que le probl\u00e8me n'est pas r\u00e9solu, une autre plainte doit \u00eatre d\u00e9pos\u00e9e par \u00e9crit aupr\u00e8s de la soci\u00e9t\u00e9 dans les 5 jours suivant la fin du voyage.<\/p>\n\n\n\n<p>La soci\u00e9t\u00e9 se r\u00e9serve le droit d'annuler le programme \u00e0 tout moment si le client ne respecte pas les instructions du guide touristique et semble susceptible de mettre en danger le d\u00e9roulement s\u00fbr et confortable de la visite, ce client peut \u00eatre exclu de tout ou partie de la visite. Dans ce cas, le client n'a droit \u00e0 aucun remboursement ni \u00e0 la prise en charge des frais suppl\u00e9mentaires qui en d\u00e9coulent.<\/p>\n\n\n\n<p>Tous les clients sont tenus de respecter les lois et r\u00e8glements locaux et tout manquement \u00e0 cette obligation lib\u00e8re la soci\u00e9t\u00e9 de toutes les obligations qu'elle pourrait avoir en vertu des pr\u00e9sentes conditions de r\u00e9servation. Tout dommage ou perte caus\u00e9 par un client est de la responsabilit\u00e9 de ce dernier. Le paiement int\u00e9gral de ces dommages ou pertes doit \u00eatre vers\u00e9 directement au fournisseur au moment de la r\u00e9servation. Si le client ne le fait pas, il sera tenu de faire face \u00e0 toute r\u00e9clamation (y compris les frais de justice) formul\u00e9e ult\u00e9rieurement contre la Soci\u00e9t\u00e9 \u00e0 la suite des actions du client.<\/p>\n\n\n\n<p>Les Conditions g\u00e9n\u00e9rales et la relation entre un client et la Soci\u00e9t\u00e9 sont r\u00e9gies par les lois locales sans tenir compte des dispositions relatives aux conflits de lois. Un client et la Soci\u00e9t\u00e9 acceptent de se soumettre \u00e0 la juridiction exclusive du tribunal comp\u00e9tent situ\u00e9 \u00e0 Trbovlje, en Slov\u00e9nie.<\/p>\n\n\n\n<p>World Discovery d.o.o., Likozarjeva ulica 3, 1430 Hrastnik, num\u00e9ro de TVA : SI95311289, num\u00e9ro d'enregistrement de la soci\u00e9t\u00e9 : 6613047000<br>Informations pour le transfert bancaire :<br>Entreprise : World Discovery d.o.o., Likozarjeva ulica 3, 1430 Hrastnik<br>IBAN : SI56 6100 0001 5029 527<br>BIC : HDELSI22<br>Banque : Delavska Hranilnica d.d.<\/p>\n\n\n\n<p>Les conditions g\u00e9n\u00e9rales prennent effet \u00e0 la date du 26.6.2019.<\/p>","protected":false},"excerpt":{"rendered":"<p>TERMS OF SERVICE General terms and conditions are the fundamental part of this booking agreement, concluded between the World Discovery d.o.o. (hereinafter referred to as \u201cCompany\u201d) and customers. Once the customer completes the booking is presumed that he accepts these General Terms and Conditions. The booking the customer makes is obligatory and therefore it is &hellip; <a href=\"https:\/\/foodtourbled.com\/fr\/conditions-de-service\/\">Suite<\/a><\/p>","protected":false},"author":45,"featured_media":0,"parent":0,"menu_order":0,"comment_status":"closed","ping_status":"closed","template":"","meta":{"_acf_changed":false,"footnotes":""},"acf":{"page_subheading":"These are the General terms and conditions under which our booking arrangements are being made."},"_links":{"self":[{"href":"https:\/\/foodtourbled.com\/fr\/wp-json\/wp\/v2\/pages\/61"}],"collection":[{"href":"https:\/\/foodtourbled.com\/fr\/wp-json\/wp\/v2\/pages"}],"about":[{"href":"https:\/\/foodtourbled.com\/fr\/wp-json\/wp\/v2\/types\/page"}],"author":[{"embeddable":true,"href":"https:\/\/foodtourbled.com\/fr\/wp-json\/wp\/v2\/users\/45"}],"replies":[{"embeddable":true,"href":"https:\/\/foodtourbled.com\/fr\/wp-json\/wp\/v2\/comments?post=61"}],"version-history":[{"count":4,"href":"https:\/\/foodtourbled.com\/fr\/wp-json\/wp\/v2\/pages\/61\/revisions"}],"predecessor-version":[{"id":433,"href":"https:\/\/foodtourbled.com\/fr\/wp-json\/wp\/v2\/pages\/61\/revisions\/433"}],"wp:attachment":[{"href":"https:\/\/foodtourbled.com\/fr\/wp-json\/wp\/v2\/media?parent=61"}],"curies":[{"name":"wp","href":"https:\/\/api.w.org\/{rel}","templated":true}]}}